{"id":88,"date":"2017-01-17T16:42:19","date_gmt":"2017-01-17T16:42:19","guid":{"rendered":"http:\/\/videoregione.it\/sito\/?page_id=88"},"modified":"2018-05-25T18:54:04","modified_gmt":"2018-05-25T16:54:04","slug":"pubblicita","status":"publish","type":"page","link":"https:\/\/videoregione.it\/index.php\/pubblicita\/","title":{"rendered":"Pubblicit\u00e0"},"content":{"rendered":"<p>Il nostro obbiettivo \u00e8 dare risalto alle vostre attivit\u00e0.<br \/>\n\t\t<div class=\"wpsm_service_b_row\" id=\"wpsm_service_b_row_91\">\r\n\t\t\t    <div class=\"wpsm_row\">\r\n        <style>\r\n\t\t\t.wpsm_row{\r\n\t\t\t\toverflow:hidden;\r\n\t\t\t\tdisplay:block;\r\n\t\t\t\twidth:100%;\r\n\t\t\t}\r\n\t\t\t.wpsm_service_b_row{ \r\n\t\t\t\toverflow:hidden;\r\n\t\t\t\tdisplay:block;\r\n\t\t\t\twidth:100%;\r\n\t\t\t\tborder:0px solid #ddd;\r\n\t\t\t\tmargin-bottom:20px;\r\n\t\t\t}\r\n\t\t\t\t\r\n\t\t #wpsm_service_b_row_91 .wpsm_serviceBox{\r\n\t\t\tpadding: 20px 10px 20px 10px;\r\n\t\t\ttext-align: center;\r\n\t\t\ttransition: all 0.3s ease 0s;\r\n\t\t    background:#e5e5e5;\r\n\t\t\tmargin-bottom:30px;\r\n\t\t}\r\n\t\t \r\n\t\t #wpsm_service_b_row_91 .wpsm_serviceBox .wpsm_service-icon i{\r\n\t\t\tfont-size: 60px;\r\n\t\t\t color: #636363 !important;\r\n\t\t}\r\n\t\t #wpsm_service_b_row_91 .wpsm_serviceBox .wpsm_service-content h3{\r\n\t\t   color: #000000 !important;\r\n\t\t\tfont-size: 18px !important;\r\n\t\t\tfont-weight: 600;\r\n\t\t\t\t\t   clear:inherit !important;\r\n\t\t\tline-height:1.4 !important;\r\n\t\t\tmargin-top:10px !important;\r\n\t\t\tmargin-bottom:0px !important;\r\n\t\t}\r\n\t\t #wpsm_service_b_row_91 .wpsm_serviceBox .wpsm_service-content p{\r\n\t\t   color:#7f7f7f !important;\r\n\t\t\tfont-size: 14px !important;\r\n\t\t\tline-height:1.4 !important;\r\n\t\t\t\t\t\tmargin-top:10px !important;\r\n\t\t\tmargin-bottom:0px !important;\r\n\t\t\t\r\n\t\t\t\r\n\t\t}\r\n\t\t #wpsm_service_b_row_91 .wpsm_serviceBox .wpsm_read_more{\r\n\t\t   margin-top:15px;\r\n\t\t   color: #4c4c4c !important;\r\n\t\t\tfont-size: 12px !important;\r\n\t\t   background:#ffffff;\r\n\t\t\tborder: 2px solid #ffffff;\r\n\t\t\ttext-decoration: none;\r\n\t\t\tdisplay: inline-block;\r\n\t\t\tpadding: 7px 10px;\r\n\t\t   border-radius: 0;\r\n\t\t\tfont-weight: normal;\r\n\t\t\t\t\t}\r\n\t\t\r\n\r\n\t\t\t\t\r\n\t\t<\/style>\r\n\t\t\t\t\t\t\t<div class=\"wpsm_col-md-4 wpsm_col-sm-6\">\r\n\t\t\t\t\t\t<div class=\"wpsm_serviceBox\">\r\n\t\t\t\t\t\t\t\t\t\t\t\t\t\t\t<div class=\"wpsm_service-icon\">\r\n\t\t\t\t\t\t\t\t\t<i class=\"fa fa-bullhorn\"><\/i>\r\n\t\t\t\t\t\t\t\t<\/div>\r\n\t\t\t\t\t\t\t\t\t\t\t\t\t\t<div class=\"wpsm_service-content\">\r\n\t\t\t\t\t\t\t\t<h3>Campagne spot<\/h3>\r\n\t\t\t\t\t\t\t\t<p>\r\n\t\t\t\t\t\t\t\t\tDiffondiamo il vostro messaggio con uno strumento affidabile ed incisivo all'interno del nostro palinsesto.\t\t\t\t\t\t\t\t<\/p>\r\n\t\t\t\t\t\t\t<\/div>\r\n\t\t\t\t\t\t\t\t\t\t\t\t\t\t\t\t\t\t\t\t\t<\/div>\r\n\t\t\t\t\t<\/div>\r\n\t\t\t\t\t\t\t\t\t<div class=\"wpsm_col-md-4 wpsm_col-sm-6\">\r\n\t\t\t\t\t\t<div class=\"wpsm_serviceBox\">\r\n\t\t\t\t\t\t\t\t\t\t\t\t\t\t\t<div class=\"wpsm_service-icon\">\r\n\t\t\t\t\t\t\t\t\t<i class=\"fa fa-crosshairs\"><\/i>\r\n\t\t\t\t\t\t\t\t<\/div>\r\n\t\t\t\t\t\t\t\t\t\t\t\t\t\t<div class=\"wpsm_service-content\">\r\n\t\t\t\t\t\t\t\t<h3>Offerta di programma<\/h3>\r\n\t\t\t\t\t\t\t\t<p>\r\n\t\t\t\t\t\t\t\t\tDiamo risalto alla vostra iniziativa associandola ai nostri programmi pi\u00f9 amati e di maggior ascolto.\t\t\t\t\t\t\t\t<\/p>\r\n\t\t\t\t\t\t\t<\/div>\r\n\t\t\t\t\t\t\t\t\t\t\t\t\t\t\t\t\t\t\t\t\t<\/div>\r\n\t\t\t\t\t<\/div>\r\n\t\t\t\t\t\t\t\t\t<div class=\"wpsm_col-md-4 wpsm_col-sm-6\">\r\n\t\t\t\t\t\t<div class=\"wpsm_serviceBox\">\r\n\t\t\t\t\t\t\t\t\t\t\t\t\t\t\t<div class=\"wpsm_service-icon\">\r\n\t\t\t\t\t\t\t\t\t<i class=\"fa fa-comments-o\"><\/i>\r\n\t\t\t\t\t\t\t\t<\/div>\r\n\t\t\t\t\t\t\t\t\t\t\t\t\t\t<div class=\"wpsm_service-content\">\r\n\t\t\t\t\t\t\t\t<h3>Inserimento di prodotti<\/h3>\r\n\t\t\t\t\t\t\t\t<p>\r\n\t\t\t\t\t\t\t\t\tUna formula innovativa che inserisce i vostri prodotti nella nostra narrazione.\t\t\t\t\t\t\t\t<\/p>\r\n\t\t\t\t\t\t\t<\/div>\r\n\t\t\t\t\t\t\t\t\t\t\t\t\t\t\t\t\t\t\t\t\t<\/div>\r\n\t\t\t\t\t<\/div>\r\n\t\t\t\t\t\t\t\t\t<\/div>\r\n\t\t\t\t\t<div class=\"wpsm_row\">\r\n\t\t\t\t\t    \t\t\r\n    <\/div>\r\n    \t\t<\/div>\r\n\t\t\r\n\t<\/p>\n","protected":false},"excerpt":{"rendered":"<p>Il nostro obbiettivo \u00e8 dare risalto alle vostre attivit\u00e0.<\/p>\n","protected":false},"author":1,"featured_media":52,"parent":0,"menu_order":0,"comment_status":"closed","ping_status":"closed","template":"","meta":{"footnotes":""},"class_list":["post-88","page","type-page","status-publish","has-post-thumbnail","hentry"],"_links":{"self":[{"href":"https:\/\/videoregione.it\/index.php\/wp-json\/wp\/v2\/pages\/88"}],"collection":[{"href":"https:\/\/videoregione.it\/index.php\/wp-json\/wp\/v2\/pages"}],"about":[{"href":"https:\/\/videoregione.it\/index.php\/wp-json\/wp\/v2\/types\/page"}],"author":[{"embeddable":true,"href":"https:\/\/videoregione.it\/index.php\/wp-json\/wp\/v2\/users\/1"}],"replies":[{"embeddable":true,"href":"https:\/\/videoregione.it\/index.php\/wp-json\/wp\/v2\/comments?post=88"}],"version-history":[{"count":13,"href":"https:\/\/videoregione.it\/index.php\/wp-json\/wp\/v2\/pages\/88\/revisions"}],"predecessor-version":[{"id":669,"href":"https:\/\/videoregione.it\/index.php\/wp-json\/wp\/v2\/pages\/88\/revisions\/669"}],"wp:featuredmedia":[{"embeddable":true,"href":"https:\/\/videoregione.it\/index.php\/wp-json\/wp\/v2\/media\/52"}],"wp:attachment":[{"href":"https:\/\/videoregione.it\/index.php\/wp-json\/wp\/v2\/media?parent=88"}],"curies":[{"name":"wp","href":"https:\/\/api.w.org\/{rel}","templated":true}]}}